{"id":3,"date":"2022-09-13T10:43:05","date_gmt":"2022-09-13T10:43:05","guid":{"rendered":"https:\/\/senfoelgeklinik.dk\/?page_id=3"},"modified":"2023-03-20T10:03:51","modified_gmt":"2023-03-20T10:03:51","slug":"privatlivspolitik","status":"publish","type":"page","link":"https:\/\/senfoelgeklinik.dk\/?page_id=3","title":{"rendered":"Privatlivspolitik"},"content":{"rendered":"<p>[et_pb_section fb_built=&#8221;1&#8243; _builder_version=&#8221;4.16&#8243; global_colors_info=&#8221;{}&#8221;][et_pb_row _builder_version=&#8221;4.16&#8243; background_size=&#8221;initial&#8221; background_position=&#8221;top_left&#8221; background_repeat=&#8221;repeat&#8221; global_colors_info=&#8221;{}&#8221;][et_pb_column type=&#8221;4_4&#8243; _builder_version=&#8221;4.16&#8243; custom_padding=&#8221;|||&#8221; global_colors_info=&#8221;{}&#8221; custom_padding__hover=&#8221;|||&#8221;][et_pb_text _builder_version=&#8221;4.16&#8243; background_size=&#8221;initial&#8221; background_position=&#8221;top_left&#8221; background_repeat=&#8221;repeat&#8221; global_colors_info=&#8221;{}&#8221;]<!-- divi:paragraph --><\/p>\n<p>Behandling af personoplysninger i virksomheden<br \/>Karina Axelsen Bentzen CVR 43037455<br \/>Tandervej 15, 8320 M\u00e5rslet<br \/>Tlf. 28284238<br \/>Email: Kontakt@senf\u00f8lgeklinik.dk \u00a0<\/p>\n<p>&nbsp;<\/p>\n<p><!-- \/divi:paragraph --><\/p>\n<p>&nbsp;<\/p>\n<p><!-- divi:heading --><\/p>\n<h2>S\u00e5dan g\u00f8r jeg i klinikken<\/h2>\n<p>&nbsp;<\/p>\n<p><!-- \/divi:heading --><\/p>\n<p>&nbsp;<\/p>\n<p><!-- divi:paragraph --><\/p>\n<p>Behandlingen af personoplysninger<br \/>Den registrerede har altid ret til indsigt i egne data.<br \/>Typer af personoplysninger<br \/>I virksomheden Karinas senf\u00f8lge og migr\u00e6ne klinik indhentes de n\u00f8dvendige personlige oplysninger til at kunne identificere personen og til at kunne lave en behandlingsplan forud for en behandling.<br \/>Samtykkeerkl\u00e6ring<br \/>Der indhentes altid en skriftlig samtykkeerkl\u00e6ring. Dette g\u00f8res automatisk i booking systemet.<br \/>\u00a0Behandlingen af Almindelige personoplysninger kr\u00e6ver informeret samtykke (mundtligt eller skriftligt indforst\u00e5et), mens behandlingen af F\u00f8lsomme personoplysninger kr\u00e6ver et udtrykkeligt samtykke (frivilligt, specifikt og informeret viljestilkendegivelse).\u00a0<br \/>\u00a0Personen har ret til at tr\u00e6kke sit samtykke tilbage. Jeg sletter personens data.\u00a0<\/p>\n<p>&nbsp;<\/p>\n<p><!-- \/divi:paragraph --><\/p>\n<p>&nbsp;<\/p>\n<p><!-- divi:heading --><\/p>\n<h2>Ansvar<\/h2>\n<p>&nbsp;<\/p>\n<p><!-- \/divi:heading --><\/p>\n<p>&nbsp;<\/p>\n<p><!-- divi:paragraph --><\/p>\n<p>Dataansvarlig<br \/>Den dataansvarlige er klinikkens indehaver.<\/p>\n<p>&nbsp;<\/p>\n<p><!-- \/divi:paragraph --><\/p>\n<p>&nbsp;<\/p>\n<p><!-- divi:heading --><\/p>\n<h2>Databehandler<\/h2>\n<p>&nbsp;<\/p>\n<p><!-- \/divi:heading --><\/p>\n<p>&nbsp;<\/p>\n<p><!-- divi:paragraph --><\/p>\n<p>Karina Axelsen Bentzen anvender en klientjournal, der gemmes krypteres p\u00e5 pc, hvorfra der tages backup dagligt. Skrevne journaler opbevares i afl\u00e5st skab. \u00a0<br \/>(Gecko bookings online bookingsystem, der kun h\u00e5ndterer telefonnumre og navne p\u00e5 klienter.) Vi skal lige finde ud af hvad bookingsystemet hedder og hvad det opbevare af oplysninger Bookingen af behandlingstider foreg\u00e5r via link p\u00e5 klinikkens hjemmeside.\u00a0<\/p>\n<p>&nbsp;<\/p>\n<p><!-- \/divi:paragraph --><\/p>\n<p>&nbsp;<\/p>\n<p><!-- divi:paragraph --><\/p>\n<p>Der kr\u00e6ves brugeroprettelse og password for at kunne foretage en booking.<br \/>Kommunikation med bookingkalenderen foreg\u00e5r via krypteret forbindelse.<br \/>Brugeren af kalenderen kan kun se egne aftaler i kalenderen og kan gives rettigheder til selv at slette aftaler.<br \/>Efter aftale med klienten s\u00f8ges der gennem diverse sygeforsikringer refusion for de behandlinger, som klienten er berettiget til. Kommunikationen med disse foreg\u00e5r altid via krypterede hjemmesider.<\/p>\n<p>&nbsp;<\/p>\n<p><!-- \/divi:paragraph --><\/p>\n<p>&nbsp;<\/p>\n<p><!-- divi:heading --><\/p>\n<h2>Videregivelse af personlige oplysninger<\/h2>\n<p>&nbsp;<\/p>\n<p><!-- \/divi:heading --><\/p>\n<p>&nbsp;<\/p>\n<p><!-- divi:paragraph --><\/p>\n<p>Personlige oplysninger videregives aldrig til 3. part, uden kundens udtrykkelige skriftlige samtykke, medmindre s\u00e6rlovgivning siger noget andet.<br \/>\u00a0Personen har ret til at f\u00e5 udleveret de oplysninger, som personen selv har tilvejebragt, eller at f\u00e5 dem videresendt til en anden dataansvarlig.<\/p>\n<p>&nbsp;<\/p>\n<p><!-- \/divi:paragraph --><\/p>\n<p>&nbsp;<\/p>\n<p><!-- divi:heading --><\/p>\n<h2>\u00a0Opbevaring af personlige oplysninger<\/h2>\n<p>&nbsp;<\/p>\n<p><!-- \/divi:heading --><\/p>\n<p>&nbsp;<\/p>\n<p><!-- divi:paragraph --><\/p>\n<p><strong class=\"privacy-policy-tutorial\">Alle personlige oplysninger opbevares p\u00e5 en passwordbeskyttet pc, der opbevares forsvarligt afl\u00e5st af den dataansvarlige<\/strong><\/p>\n<p>&nbsp;<\/p>\n<p><!-- \/divi:paragraph --><\/p>\n<p>&nbsp;<\/p>\n<p><!-- divi:heading --><\/p>\n<h2>Dokumentation<\/h2>\n<p>&nbsp;<\/p>\n<p><!-- \/divi:heading --><\/p>\n<p>&nbsp;<\/p>\n<p><!-- divi:paragraph --><\/p>\n<p>Den dataansvarlige<br \/>Virksomheden er Karinas senf\u00f8lge og migr\u00e6ne klinik CVR 43037455<br \/>Den dataansvarlige er:<br \/>Karina Axelsen Bentzen<br \/>Tandervej 15<br \/>8320 M\u00e5rslet<br \/>28284238<br \/>kontakt@senf\u00f8lgeklinik.dk<\/p>\n<p>&nbsp;<\/p>\n<p><!-- \/divi:paragraph --><\/p>\n<p>&nbsp;<\/p>\n<p><!-- divi:heading --><\/p>\n<h2>\u00a0Form\u00e5let med behandlingen af personlige oplysninger<\/h2>\n<p>&nbsp;<\/p>\n<p><!-- \/divi:heading --><\/p>\n<p>&nbsp;<\/p>\n<p><!-- divi:paragraph --><\/p>\n<p>Form\u00e5let er \u2013 ud fra kundens egne helbredsoplysninger og andre konkrete personoplysninger &#8211; at kunne identificere, diagnosticere og behandle kunden med zoneterapi, energimassage, \u00f8reakupunktur og ansigtszoneterapi og at kunne dokumentere den gennemf\u00f8rte behandling.<\/p>\n<p>&nbsp;<\/p>\n<p><!-- \/divi:paragraph --><\/p>\n<p>&nbsp;<\/p>\n<p><!-- divi:heading --><\/p>\n<h2><strong>Beskrivelse af kategorier af anvendte personoplysninger<br \/>F\u00f8lgende oplysninger eftersp\u00f8rges:<br \/>Almindelige oplysninger<\/strong><\/h2>\n<p>&nbsp;<\/p>\n<p><!-- \/divi:heading --><\/p>\n<p>&nbsp;<\/p>\n<p><!-- divi:paragraph --><\/p>\n<p>Navn<br \/>Telefonnummer<\/p>\n<p>&nbsp;<\/p>\n<p><!-- \/divi:paragraph --><\/p>\n<p>&nbsp;<\/p>\n<p><!-- divi:heading --><\/p>\n<h2><strong>F\u00f8lsomme oplysninger<\/strong><\/h2>\n<p>&nbsp;<\/p>\n<p><!-- \/divi:heading --><\/p>\n<p>&nbsp;<\/p>\n<p><!-- divi:paragraph --><\/p>\n<p>Helbredsm\u00e6ssige forhold<br \/>CPR nr.\u00a0 i forhold til sundhedsforsikringer og Sygeforsikring Danmark\u00a0<strong><br \/><\/strong><\/p>\n<p>&nbsp;<\/p>\n<p><!-- \/divi:paragraph --><\/p>\n<p>&nbsp;<\/p>\n<p><!-- divi:heading --><\/p>\n<h2>\u00a0Tidsfrister for sletning<\/h2>\n<p>&nbsp;<\/p>\n<p><!-- \/divi:heading --><\/p>\n<p>&nbsp;<\/p>\n<p><!-- divi:paragraph --><\/p>\n<p><strong class=\"privacy-policy-tutorial\">Oplysninger, hvor sidste aktive dato er mere end 5 \u00e5r gammel, destrueres p\u00e5 betryggende m\u00e5de.<\/strong><\/p>\n<p>&nbsp;<\/p>\n<p><!-- \/divi:paragraph --><\/p>\n<p>&nbsp;<\/p>\n<p><!-- divi:heading --><\/p>\n<h2>Tekniske og organisatoriske sikkerhedsforanstaltninger (risikovurdering)<\/h2>\n<p>&nbsp;<\/p>\n<p><!-- \/divi:heading --><\/p>\n<p>&nbsp;<\/p>\n<p><!-- divi:paragraph --><\/p>\n<p>Sikkerhedsforanstaltning<br \/>Risikovurdering*)<\/p>\n<p>&nbsp;<\/p>\n<p><!-- \/divi:paragraph -->[\/et_pb_text][\/et_pb_column][\/et_pb_row][\/et_pb_section]<\/p>\n","protected":false},"excerpt":{"rendered":"<p>Behandling af personoplysninger i virksomhedenKarina Axelsen Bentzen CVR 43037455Tandervej 15, 8320 M\u00e5rsletTlf. 28284238Email: Kontakt@senf\u00f8lgeklinik.dk \u00a0 &nbsp; &nbsp; S\u00e5dan g\u00f8r jeg i klinikken &nbsp; &nbsp; Behandlingen af personoplysningerDen registrerede har altid ret til indsigt i egne data.Typer af personoplysningerI virksomheden Karinas senf\u00f8lge og migr\u00e6ne klinik indhentes de n\u00f8dvendige personlige oplysninger til at kunne identificere personen og [&hellip;]<\/p>\n","protected":false},"author":1,"featured_media":0,"parent":0,"menu_order":0,"comment_status":"closed","ping_status":"closed","template":"","meta":{"_et_pb_use_builder":"on","_et_pb_old_content":"<!-- wp:paragraph -->\n<p>Behandling af personoplysninger i virksomheden<br>Karina Axelsen Bentzen CVR 43037455<br>Tandervej 15, 8320 M\u00e5rslet<br>Tlf. 28284238<br>Email: Kontakt@senf\u00f8lgeklinikken.dk &nbsp;<\/p>\n<!-- \/wp:paragraph -->\n\n<!-- wp:heading -->\n<h2>S\u00e5dan g\u00f8r jeg i klinikken<\/h2>\n<!-- \/wp:heading -->\n\n<!-- wp:paragraph -->\n<p>Behandlingen af personoplysninger<br>Den registrerede har altid ret til indsigt i egne data.<br>Typer af personoplysninger<br>I virksomheden Karinas senf\u00f8lge og migr\u00e6ne klinik indhentes de n\u00f8dvendige personlige oplysninger til at kunne identificere personen og til at kunne lave en behandlingsplan forud for en behandling.<br>Samtykkeerkl\u00e6ring<br>Der indhentes altid en skriftlig samtykkeerkl\u00e6ring. Dette g\u00f8res automatisk i booking systemet.<br>&nbsp;Behandlingen af Almindelige personoplysninger kr\u00e6ver informeret samtykke (mundtligt eller skriftligt indforst\u00e5et), mens behandlingen af F\u00f8lsomme personoplysninger kr\u00e6ver et udtrykkeligt samtykke (frivilligt, specifikt og informeret viljestilkendegivelse).&nbsp;<br>&nbsp;Personen har ret til at tr\u00e6kke sit samtykke tilbage. Jeg sletter personens data.&nbsp;<\/p>\n<!-- \/wp:paragraph -->\n\n<!-- wp:heading -->\n<h2>Ansvar<\/h2>\n<!-- \/wp:heading -->\n\n<!-- wp:paragraph -->\n<p>Dataansvarlig<br>Den dataansvarlige er klinikkens indehaver.<\/p>\n<!-- \/wp:paragraph -->\n\n<!-- wp:heading -->\n<h2>Databehandler<\/h2>\n<!-- \/wp:heading -->\n\n<!-- wp:paragraph -->\n<p>Karina Axelsen Bentzen anvender en klientjournal, der gemmes krypteres p\u00e5 pc, hvorfra der tages backup dagligt. Skrevne journaler opbevares i afl\u00e5st skab. &nbsp;<br>(Gecko bookings online bookingsystem, der kun h\u00e5ndterer telefonnumre og navne p\u00e5 klienter.) Vi skal lige finde ud af hvad bookingsystemet hedder og hvad det opbevare af oplysninger Bookingen af behandlingstider foreg\u00e5r via link p\u00e5 klinikkens hjemmeside.&nbsp;<\/p>\n<!-- \/wp:paragraph -->\n\n<!-- wp:paragraph -->\n<p>Der kr\u00e6ves brugeroprettelse og password for at kunne foretage en booking.<br>Kommunikation med bookingkalenderen foreg\u00e5r via krypteret forbindelse.<br>Brugeren af kalenderen kan kun se egne aftaler i kalenderen og kan gives rettigheder til selv at slette aftaler.<br>Efter aftale med klienten s\u00f8ges der gennem diverse sygeforsikringer refusion for de behandlinger, som klienten er berettiget til. Kommunikationen med disse foreg\u00e5r altid via krypterede hjemmesider.<\/p>\n<!-- \/wp:paragraph -->\n\n<!-- wp:heading -->\n<h2>Videregivelse af personlige oplysninger<\/h2>\n<!-- \/wp:heading -->\n\n<!-- wp:paragraph -->\n<p>Personlige oplysninger videregives aldrig til 3. part, uden kundens udtrykkelige skriftlige samtykke, medmindre s\u00e6rlovgivning siger noget andet.<br>&nbsp;Personen har ret til at f\u00e5 udleveret de oplysninger, som personen selv har tilvejebragt, eller at f\u00e5 dem videresendt til en anden dataansvarlig.<\/p>\n<!-- \/wp:paragraph -->\n\n<!-- wp:heading -->\n<h2>&nbsp;Opbevaring af personlige oplysninger<\/h2>\n<!-- \/wp:heading -->\n\n<!-- wp:paragraph -->\n<p><strong class=\"privacy-policy-tutorial\">Alle personlige oplysninger opbevares p\u00e5 en passwordbeskyttet pc, der opbevares forsvarligt afl\u00e5st af den dataansvarlige<\/strong><\/p>\n<!-- \/wp:paragraph -->\n\n<!-- wp:heading -->\n<h2>Dokumentation<\/h2>\n<!-- \/wp:heading -->\n\n<!-- wp:paragraph -->\n<p>Den dataansvarlige<br>Virksomheden er Karinas senf\u00f8lge og migr\u00e6ne klinik CVR 43037455<br>Den dataansvarlige er:<br>Karina Axelsen Bentzen<br>Tandervej 15<br>8320 M\u00e5rslet<br>28284238<br>kontakt@senf\u00f8lgeklinikken.dk<\/p>\n<!-- \/wp:paragraph -->\n\n<!-- wp:heading -->\n<h2>&nbsp;Form\u00e5let med behandlingen af personlige oplysninger<\/h2>\n<!-- \/wp:heading -->\n\n<!-- wp:paragraph -->\n<p>Form\u00e5let er \u2013 ud fra kundens egne helbredsoplysninger og andre konkrete personoplysninger - at kunne identificere, diagnosticere og behandle kunden med zoneterapi, energimassage, \u00f8reakupunktur og ansigtszoneterapi og at kunne dokumentere den gennemf\u00f8rte behandling.<\/p>\n<!-- \/wp:paragraph -->\n\n<!-- wp:heading -->\n<h2><strong>Beskrivelse af kategorier af anvendte personoplysninger<br>F\u00f8lgende oplysninger eftersp\u00f8rges:<br>Almindelige oplysninger<\/strong><\/h2>\n<!-- \/wp:heading -->\n\n<!-- wp:paragraph -->\n<p>Navn<br>Telefonnummer<\/p>\n<!-- \/wp:paragraph -->\n\n<!-- wp:heading -->\n<h2><strong>F\u00f8lsomme oplysninger<\/strong><\/h2>\n<!-- \/wp:heading -->\n\n<!-- wp:paragraph -->\n<p>Helbredsm\u00e6ssige forhold<br>CPR nr.&nbsp; i forhold til sundhedsforsikringer og Sygeforsikring Danmark&nbsp;<strong><br><\/strong><\/p>\n<!-- \/wp:paragraph -->\n\n<!-- wp:heading -->\n<h2>&nbsp;Tidsfrister for sletning<\/h2>\n<!-- \/wp:heading -->\n\n<!-- wp:paragraph -->\n<p><strong class=\"privacy-policy-tutorial\">Oplysninger, hvor sidste aktive dato er mere end 5 \u00e5r gammel, destrueres p\u00e5 betryggende m\u00e5de.<\/strong><\/p>\n<!-- \/wp:paragraph -->\n\n<!-- wp:heading -->\n<h2>Tekniske og organisatoriske sikkerhedsforanstaltninger (risikovurdering)<\/h2>\n<!-- \/wp:heading -->\n\n<!-- wp:paragraph -->\n<p>Sikkerhedsforanstaltning<br>Risikovurdering*)<\/p>\n<!-- \/wp:paragraph -->","_et_gb_content_width":"","inline_featured_image":false,"footnotes":""},"class_list":["post-3","page","type-page","status-publish","hentry"],"_links":{"self":[{"href":"https:\/\/senfoelgeklinik.dk\/index.php?rest_route=\/wp\/v2\/pages\/3","targetHints":{"allow":["GET"]}}],"collection":[{"href":"https:\/\/senfoelgeklinik.dk\/index.php?rest_route=\/wp\/v2\/pages"}],"about":[{"href":"https:\/\/senfoelgeklinik.dk\/index.php?rest_route=\/wp\/v2\/types\/page"}],"author":[{"embeddable":true,"href":"https:\/\/senfoelgeklinik.dk\/index.php?rest_route=\/wp\/v2\/users\/1"}],"replies":[{"embeddable":true,"href":"https:\/\/senfoelgeklinik.dk\/index.php?rest_route=%2Fwp%2Fv2%2Fcomments&post=3"}],"version-history":[{"count":6,"href":"https:\/\/senfoelgeklinik.dk\/index.php?rest_route=\/wp\/v2\/pages\/3\/revisions"}],"predecessor-version":[{"id":192,"href":"https:\/\/senfoelgeklinik.dk\/index.php?rest_route=\/wp\/v2\/pages\/3\/revisions\/192"}],"wp:attachment":[{"href":"https:\/\/senfoelgeklinik.dk\/index.php?rest_route=%2Fwp%2Fv2%2Fmedia&parent=3"}],"curies":[{"name":"wp","href":"https:\/\/api.w.org\/{rel}","templated":true}]}}